{"id":4185,"date":"2026-03-17T09:03:04","date_gmt":"2026-03-17T14:03:04","guid":{"rendered":"https:\/\/hac-congress.com\/?page_id=4185"},"modified":"2026-03-17T09:14:02","modified_gmt":"2026-03-17T14:14:02","slug":"obrigado","status":"publish","type":"page","link":"https:\/\/hac-congress.com\/pt-pt\/obrigado\/","title":{"rendered":"Obrigado"},"content":{"rendered":"\t\t<div data-elementor-type=\"wp-page\" data-elementor-id=\"4185\" class=\"elementor elementor-4185 elementor-4183\" data-elementor-post-type=\"page\">\n\t\t\t\t<div class=\"elementor-element elementor-element-2efc1b1 e-flex e-con-boxed e-con e-parent\" data-id=\"2efc1b1\" data-element_type=\"container\" data-e-type=\"container\">\n\t\t\t\t\t<div class=\"e-con-inner\">\n\t\t<div class=\"elementor-element elementor-element-3d67fbb e-con-full e-flex e-con e-child\" data-id=\"3d67fbb\" data-element_type=\"container\" data-e-type=\"container\">\n\t\t\t\t<div class=\"elementor-element elementor-element-4de2ba7 elementor-widget elementor-widget-hub_fancy_heading\" data-id=\"4de2ba7\" data-element_type=\"widget\" data-e-type=\"widget\" data-widget_type=\"hub_fancy_heading.default\">\n\t\t\t\t<div class=\"elementor-widget-container\">\n\t\t\t\t\t\n\t\t<div id=\"ld-fancy-heading-69f27707744b7\" class=\"ld-fancy-heading pos-rel\">\n\t\t\t<h2 class=\"ld-fh-element d-inline-block pos-rel  elementor-heading-title lqd-highlight-custom lqd-highlight-custom-1 h2\"  > Obrigado por se inscrever!<\/h2>\t\t<\/div>\n\n\t\t\t\t\t\t<\/div>\n\t\t\t\t<\/div>\n\t\t\t\t<div class=\"elementor-element elementor-element-e78be60 elementor-widget elementor-widget-text-editor\" data-id=\"e78be60\" data-element_type=\"widget\" data-e-type=\"widget\" data-widget_type=\"text-editor.default\">\n\t\t\t\t<div class=\"elementor-widget-container\">\n\t\t\t\t\t\t\t\t\tSeu cadastro foi realizado com sucesso. Em breve voc\u00ea receber\u00e1 nossas not\u00edcias com conte\u00fado exclusivo e novidades.\t\t\t\t\t\t\t\t<\/div>\n\t\t\t\t<\/div>\n\t\t\t\t<div class=\"elementor-element elementor-element-81efe28 elementor-widget elementor-widget-button\" data-id=\"81efe28\" data-element_type=\"widget\" data-e-type=\"widget\" data-widget_type=\"button.default\">\n\t\t\t\t<div class=\"elementor-widget-container\">\n\t\t\t\t\t\t\t\t\t<div class=\"elementor-button-wrapper\">\n\t\t\t\t\t<a class=\"elementor-button elementor-button-link elementor-size-sm elementor-animation-shrink\" href=\"\/pt-pt\/\" target=\"_blank\">\n\t\t\t\t\t\t<span class=\"elementor-button-content-wrapper\">\n\t\t\t\t\t\t\t\t\t<span class=\"elementor-button-text\">Voltar ao in\u00edcio<\/span>\n\t\t\t\t\t<\/span>\n\t\t\t\t\t<\/a>\n\t\t\t\t<\/div>\n\t\t\t\t\t\t\t\t<\/div>\n\t\t\t\t<\/div>\n\t\t\t\t<\/div>\n\t\t\t\t\t<\/div>\n\t\t\t\t<\/div>\n\t\t\t\t<\/div>\n\t\t","protected":false},"excerpt":{"rendered":"<p>Obrigado por se inscrever! Seu cadastro foi realizado com sucesso. Em breve voc\u00ea receber\u00e1 nossas not\u00edcias com conte\u00fado exclusivo e novidades. Voltar ao in\u00edcio<\/p>\n","protected":false},"author":1,"featured_media":0,"parent":0,"menu_order":0,"comment_status":"closed","ping_status":"closed","template":"","meta":{"_acf_changed":false,"_joinchat":[],"footnotes":""},"class_list":["post-4185","page","type-page","status-publish","hentry"],"acf":[],"_links":{"self":[{"href":"https:\/\/hac-congress.com\/pt-pt\/wp-json\/wp\/v2\/pages\/4185","targetHints":{"allow":["GET"]}}],"collection":[{"href":"https:\/\/hac-congress.com\/pt-pt\/wp-json\/wp\/v2\/pages"}],"about":[{"href":"https:\/\/hac-congress.com\/pt-pt\/wp-json\/wp\/v2\/types\/page"}],"author":[{"embeddable":true,"href":"https:\/\/hac-congress.com\/pt-pt\/wp-json\/wp\/v2\/users\/1"}],"replies":[{"embeddable":true,"href":"https:\/\/hac-congress.com\/pt-pt\/wp-json\/wp\/v2\/comments?post=4185"}],"version-history":[{"count":6,"href":"https:\/\/hac-congress.com\/pt-pt\/wp-json\/wp\/v2\/pages\/4185\/revisions"}],"predecessor-version":[{"id":4200,"href":"https:\/\/hac-congress.com\/pt-pt\/wp-json\/wp\/v2\/pages\/4185\/revisions\/4200"}],"wp:attachment":[{"href":"https:\/\/hac-congress.com\/pt-pt\/wp-json\/wp\/v2\/media?parent=4185"}],"curies":[{"name":"wp","href":"https:\/\/api.w.org\/{rel}","templated":true}]}}