{"id":3965,"date":"2025-11-20T18:39:23","date_gmt":"2025-11-20T23:39:23","guid":{"rendered":"https:\/\/hac-congress.com\/call-for-abstracts\/"},"modified":"2026-03-18T19:29:36","modified_gmt":"2026-03-19T00:29:36","slug":"call-for-abstracts","status":"publish","type":"page","link":"https:\/\/hac-congress.com\/en\/call-for-abstracts\/","title":{"rendered":"Call for Abstracts"},"content":{"rendered":"\t\t<div data-elementor-type=\"wp-page\" data-elementor-id=\"3965\" class=\"elementor elementor-3965 elementor-3405\" data-elementor-post-type=\"page\">\n\t\t\t\t<div data-custom-animations=\"true\" data-ca-options=\"{&quot;addChildTimelines&quot;:false,&quot;trigger&quot;:&quot;firstChild&quot;,&quot;animationTarget&quot;:&quot;:scope  &gt; .elementor-element:not(.lqd-exclude-parent-ca) &gt; .elementor-widget-container, :scope  &gt; .elementor-widget-hub_fancy_heading .lqd-split-lines .lqd-lines .split-inner, :scope  &gt; .elementor-widget-hub_fancy_heading .lqd-split-words .lqd-words .split-inner, :scope  &gt; .elementor-widget-hub_fancy_heading .lqd-split-chars .lqd-chars .split-inner, :scope  &gt; .elementor-widget-hub_fancy_heading .lqd-adv-txt-fig, :scope  &gt; .elementor-widget-ld_custom_menu .lqd-fancy-menu &gt; ul &gt; li, :scope .e-con:not([data-parallax]) .elementor-element &gt; .elementor-widget-container, :scope .e-con:not([data-parallax]) .elementor-widget-hub_fancy_heading .lqd-split-lines .lqd-lines .split-inner, :scope .e-con:not([data-parallax]) .elementor-widget-hub_fancy_heading .lqd-split-words .lqd-words .split-inner, :scope .e-con:not([data-parallax]) .elementor-widget-hub_fancy_heading .lqd-split-chars .lqd-chars .split-inner, :scope .e-con:not([data-parallax]) .elementor-widget-ld_custom_menu .lqd-fancy-menu &gt; ul &gt; li&quot;,&quot;ease&quot;:[&quot;power4.out&quot;],&quot;initValues&quot;:{&quot;transformOrigin&quot;:&quot;50% 50% 0px&quot;},&quot;animations&quot;:{&quot;transformOrigin&quot;:&quot;50% 50% 0px&quot;}}\" class=\"elementor-element elementor-element-3b236084 e-con-full e-flex e-con e-parent\" data-id=\"3b236084\" data-element_type=\"container\" data-e-type=\"container\" data-settings=\"{&quot;background_background&quot;:&quot;classic&quot;}\">\n\t\t\t\t<div class=\"elementor-element elementor-element-30591351 elementor-widget__width-initial elementor-absolute elementor-widget elementor-widget-image\" data-id=\"30591351\" data-element_type=\"widget\" data-e-type=\"widget\" data-settings=\"{&quot;_position&quot;:&quot;absolute&quot;}\" data-widget_type=\"image.default\">\n\t\t\t\t<div class=\"elementor-widget-container\">\n\t\t\t\t\t\t\t\t\t\t\t\t\t\t\t<img fetchpriority=\"high\" decoding=\"async\" width=\"460\" height=\"460\" src=\"https:\/\/hac-congress.com\/wp-content\/uploads\/2025\/01\/icono-4.png\" class=\"attachment-large size-large wp-image-3642\" alt=\"\" srcset=\"https:\/\/hac-congress.com\/wp-content\/uploads\/2025\/01\/icono-4.png 460w, https:\/\/hac-congress.com\/wp-content\/uploads\/2025\/01\/icono-4-300x300.png 300w, https:\/\/hac-congress.com\/wp-content\/uploads\/2025\/01\/icono-4-150x150.png 150w, https:\/\/hac-congress.com\/wp-content\/uploads\/2025\/01\/icono-4-320x320.png 320w\" sizes=\"(max-width: 460px) 100vw, 460px\" \/>\t\t\t\t\t\t\t\t\t\t\t\t\t\t\t<\/div>\n\t\t\t\t<\/div>\n\t\t\t\t<div class=\"elementor-element elementor-element-6ddbc8c5 elementor-widget__width-initial elementor-absolute elementor-widget elementor-widget-image\" data-id=\"6ddbc8c5\" data-element_type=\"widget\" data-e-type=\"widget\" data-settings=\"{&quot;_position&quot;:&quot;absolute&quot;}\" data-widget_type=\"image.default\">\n\t\t\t\t<div class=\"elementor-widget-container\">\n\t\t\t\t\t\t\t\t\t\t\t\t\t\t\t<img decoding=\"async\" width=\"460\" height=\"460\" src=\"data:image\/svg+xml;charset=utf-8,%3Csvg xmlns%3D&#039;http%3A%2F%2Fwww.w3.org%2F2000%2Fsvg&#039; viewBox%3D&#039;0 0 460 460&#039;%2F%3E\" class=\"attachment-large size-large wp-image-3642 ld-lazyload\" alt=\"\" data-src=\"https:\/\/hac-congress.com\/wp-content\/uploads\/2025\/01\/icono-4.png\" data-srcset=\"https:\/\/hac-congress.com\/wp-content\/uploads\/2025\/01\/icono-4.png 460w, https:\/\/hac-congress.com\/wp-content\/uploads\/2025\/01\/icono-4-300x300.png 300w, https:\/\/hac-congress.com\/wp-content\/uploads\/2025\/01\/icono-4-150x150.png 150w, https:\/\/hac-congress.com\/wp-content\/uploads\/2025\/01\/icono-4-320x320.png 320w\" data-sizes=\"(max-width: 460px) 100vw, 460px\" data-aspect=\"1\" \/>\t\t\t\t\t\t\t\t\t\t\t\t\t\t\t<\/div>\n\t\t\t\t<\/div>\n\t\t<div class=\"elementor-element elementor-element-8d89e4b e-con-full e-flex e-con e-child\" data-id=\"8d89e4b\" data-element_type=\"container\" data-e-type=\"container\" data-settings=\"{&quot;background_background&quot;:&quot;classic&quot;}\">\n\t\t<div class=\"elementor-element elementor-element-78643909 e-con-full elementor-hidden-mobile e-flex e-con e-child\" data-id=\"78643909\" data-element_type=\"container\" data-e-type=\"container\">\n\t\t\t\t<div class=\"elementor-element elementor-element-2ff27cdd elementor-widget elementor-widget-hub_fancy_heading\" data-id=\"2ff27cdd\" data-element_type=\"widget\" data-e-type=\"widget\" data-widget_type=\"hub_fancy_heading.default\">\n\t\t\t\t<div class=\"elementor-widget-container\">\n\t\t\t\t\t\n\t\t<div id=\"ld-fancy-heading-69e1e3ed77d93\" class=\"ld-fancy-heading pos-rel\">\n\t\t\t<h2 class=\"ld-fh-element d-inline-block pos-rel  elementor-heading-title lqd-highlight-classic lqd-highlight-grow-left h2\"  > Call for Abstracts<\/h2>\t\t<\/div>\n\n\t\t\t\t\t\t<\/div>\n\t\t\t\t<\/div>\n\t\t\t\t<div class=\"elementor-element elementor-element-17fe23c6 elementor-widget elementor-widget-ld_breadcrumb\" data-id=\"17fe23c6\" data-element_type=\"widget\" data-e-type=\"widget\" data-widget_type=\"ld_breadcrumb.default\">\n\t\t\t\t<div class=\"elementor-widget-container\">\n\t\t\t\t\t<div class=\"lqd-breadcrumb-wrapper\"><nav role=\"navigation\" aria-label=\"Breadcrumbs\" class=\"breadcrumbs\"><ol class=\"breadcrumb reset-ul inline-nav inline-ul comma-sep-li\"><li class=\"breadcrumb-item active\"><a href=\"https:\/\/hac-congress.com\/en\/\" rel=\"home\"><span>Home<\/span><\/a><\/li><\/ol><\/nav><\/div>\t\t\t\t<\/div>\n\t\t\t\t<\/div>\n\t\t\t\t<\/div>\n\t\t\t\t<\/div>\n\t\t\t\t<\/div>\n\t\t<div class=\"elementor-element elementor-element-1c0ca1d e-flex e-con-boxed e-con e-parent\" data-id=\"1c0ca1d\" data-element_type=\"container\" data-e-type=\"container\">\n\t\t\t\t\t<div class=\"e-con-inner\">\n\t\t<div class=\"elementor-element elementor-element-49e90c3 e-con-full e-flex e-con e-child\" data-id=\"49e90c3\" data-element_type=\"container\" data-e-type=\"container\">\n\t\t\t\t<div class=\"elementor-element elementor-element-cfae133 elementor-widget elementor-widget-hub_fancy_heading\" data-id=\"cfae133\" data-element_type=\"widget\" data-e-type=\"widget\" data-widget_type=\"hub_fancy_heading.default\">\n\t\t\t\t<div class=\"elementor-widget-container\">\n\t\t\t\t\t\n\t\t<div id=\"ld-fancy-heading-69e1e3ed7c41e\" class=\"ld-fancy-heading pos-rel\">\n\t\t\t<h2 class=\"ld-fh-element d-inline-block pos-rel  elementor-heading-title lqd-highlight-custom lqd-highlight-custom-1 h2\"  > CONVOCATORIA DE RES\u00daMENES \u2013 HAC 2026<\/h2>\t\t<\/div>\n\n\t\t\t\t\t\t<\/div>\n\t\t\t\t<\/div>\n\t\t\t\t<div class=\"elementor-element elementor-element-13fc2b2 elementor-widget elementor-widget-text-editor\" data-id=\"13fc2b2\" data-element_type=\"widget\" data-e-type=\"widget\" data-widget_type=\"text-editor.default\">\n\t\t\t\t<div class=\"elementor-widget-container\">\n\t\t\t\t\t\t\t\t\t<p>Con un enfoque central en todo el espectro de tratamientos est\u00e9ticos no quir\u00fargicos y m\u00ednimamente invasivos en armonizaci\u00f3n orofacial y est\u00e9tica facial \u2014as\u00ed como en gesti\u00f3n de consultorio, prevenci\u00f3n de complicaciones y estrategias de marketing\u2014, el Comit\u00e9 Cient\u00edfico Asesor del Harmonisa Aesthetic Congress (HAC) dar\u00e1 prioridad a:<\/p><ul><li data-list=\"bullet\">Ideas originales<\/li><li data-list=\"bullet\">Temas progresistas y visionarios<\/li><li data-list=\"bullet\">Res\u00famenes de vanguardia y hallazgos de investigaci\u00f3n cl\u00ednica<\/li><li data-list=\"bullet\">Tratamientos y t\u00e9cnicas no quir\u00fargicas y m\u00ednimamente invasivas<\/li><\/ul><p>Todos los res\u00famenes ser\u00e1n evaluados por los miembros del Comit\u00e9 Cient\u00edfico Asesor del HAC y calificados en una escala de 1 a 5 (siendo 5 la m\u00e1xima puntuaci\u00f3n), considerando los siguientes criterios:<\/p><ul><li data-list=\"bullet\">Originalidad y\/o innovaci\u00f3n del tema o contenido<\/li><li data-list=\"bullet\">Claridad y relevancia de los objetivos de aprendizaje para los asistentes<\/li><li data-list=\"bullet\">Completitud y calidad de la informaci\u00f3n e ideas presentadas<\/li><li data-list=\"bullet\">Explicaci\u00f3n clara del impacto actual o futuro y las implicaciones en la pr\u00e1ctica de la armonizaci\u00f3n orofacial y la medicina est\u00e9tica facial<\/li><\/ul><p>Notas importantes:<\/p><ul><li data-list=\"bullet\">Los res\u00famenes incompletos no ser\u00e1n revisados ni considerados.<\/li><li data-list=\"bullet\">Se permite un m\u00e1ximo 5 res\u00famenes por presentador y por empresa matriz.<\/li><\/ul><p>Si tiene alguna pregunta sobre el proceso de env\u00edo, por favor escriba a: <a href=\"mailto:contact@hac-congress.com\" target=\"_blank\" rel=\"noopener noreferrer\">contact@hac-congress.com<\/a><\/p><p>\u00a1Esperamos recibir sus aportes innovadores para el HAC 2026!<\/p>\t\t\t\t\t\t\t\t<\/div>\n\t\t\t\t<\/div>\n\t\t\t\t<div class=\"elementor-element elementor-element-b589bcd elementor-hidden-desktop elementor-hidden-tablet elementor-hidden-mobile elementor-widget elementor-widget-button\" data-id=\"b589bcd\" data-element_type=\"widget\" data-e-type=\"widget\" data-widget_type=\"button.default\">\n\t\t\t\t<div class=\"elementor-widget-container\">\n\t\t\t\t\t\t\t\t\t<div class=\"elementor-button-wrapper\">\n\t\t\t\t\t<a class=\"elementor-button elementor-button-link elementor-size-sm elementor-animation-shrink\" href=\"https:\/\/www5.shocklogic.com\/scripts\/jmevent\/Abstract.asp?Client_Id=&#039;COCE&#039;&#038;Project_Id=&#039;26002&#039;&#038;System_Id=1\" target=\"_blank\">\n\t\t\t\t\t\t<span class=\"elementor-button-content-wrapper\">\n\t\t\t\t\t\t\t\t\t<span class=\"elementor-button-text\">Enviar Resumen<\/span>\n\t\t\t\t\t<\/span>\n\t\t\t\t\t<\/a>\n\t\t\t\t<\/div>\n\t\t\t\t\t\t\t\t<\/div>\n\t\t\t\t<\/div>\n\t\t\t\t<div class=\"elementor-element elementor-element-05f8bd4 elementor-widget elementor-widget-hub_fancy_heading\" data-id=\"05f8bd4\" data-element_type=\"widget\" data-e-type=\"widget\" data-widget_type=\"hub_fancy_heading.default\">\n\t\t\t\t<div class=\"elementor-widget-container\">\n\t\t\t\t\t\n\t\t<div id=\"ld-fancy-heading-69e1e3ed8057d\" class=\"ld-fancy-heading pos-rel\">\n\t\t\t<h2 class=\"ld-fh-element d-inline-block pos-rel  elementor-heading-title lqd-highlight-custom lqd-highlight-custom-1 h2\"  > Convocatoria finalizada<\/h2>\t\t<\/div>\n\n\t\t\t\t\t\t<\/div>\n\t\t\t\t<\/div>\n\t\t\t\t<\/div>\n\t\t\t\t\t<\/div>\n\t\t\t\t<\/div>\n\t\t\t\t<\/div>\n\t\t","protected":false},"excerpt":{"rendered":"<p>Home CONVOCATORIA DE RES\u00daMENES \u2013 HAC 2026 Con un enfoque central en todo el espectro de tratamientos est\u00e9ticos no quir\u00fargicos y m\u00ednimamente invasivos en armonizaci\u00f3n orofacial y est\u00e9tica facial \u2014as\u00ed como en gesti\u00f3n de consultorio, prevenci\u00f3n de complicaciones y estrategias de marketing\u2014, el Comit\u00e9 Cient\u00edfico Asesor del Harmonisa Aesthetic Congress (HAC) dar\u00e1 prioridad a: Ideas [&hellip;]<\/p>\n","protected":false},"author":1,"featured_media":0,"parent":0,"menu_order":0,"comment_status":"closed","ping_status":"closed","template":"","meta":{"_acf_changed":false,"_joinchat":[],"footnotes":""},"class_list":["post-3965","page","type-page","status-publish","hentry"],"acf":[],"_links":{"self":[{"href":"https:\/\/hac-congress.com\/en\/wp-json\/wp\/v2\/pages\/3965","targetHints":{"allow":["GET"]}}],"collection":[{"href":"https:\/\/hac-congress.com\/en\/wp-json\/wp\/v2\/pages"}],"about":[{"href":"https:\/\/hac-congress.com\/en\/wp-json\/wp\/v2\/types\/page"}],"author":[{"embeddable":true,"href":"https:\/\/hac-congress.com\/en\/wp-json\/wp\/v2\/users\/1"}],"replies":[{"embeddable":true,"href":"https:\/\/hac-congress.com\/en\/wp-json\/wp\/v2\/comments?post=3965"}],"version-history":[{"count":7,"href":"https:\/\/hac-congress.com\/en\/wp-json\/wp\/v2\/pages\/3965\/revisions"}],"predecessor-version":[{"id":4280,"href":"https:\/\/hac-congress.com\/en\/wp-json\/wp\/v2\/pages\/3965\/revisions\/4280"}],"wp:attachment":[{"href":"https:\/\/hac-congress.com\/en\/wp-json\/wp\/v2\/media?parent=3965"}],"curies":[{"name":"wp","href":"https:\/\/api.w.org\/{rel}","templated":true}]}}